{"id":26,"date":"2014-07-09T16:04:43","date_gmt":"2014-07-09T16:04:43","guid":{"rendered":"http:\/\/192.168.1.104\/restaurant\/?page_id=25"},"modified":"2016-12-21T18:01:37","modified_gmt":"2016-12-21T18:01:37","slug":"about","status":"publish","type":"page","link":"https:\/\/z\u00e4hringia.ch\/?page_id=26","title":{"rendered":"\u00dcber uns"},"content":{"rendered":"\n<style type=\"text\/css\" data-created_by=\"avia_inline_auto\" id=\"style-css-av-av_section-df55b21757c5f264adf2c3838b58c226\">\n.avia-section.av-av_section-df55b21757c5f264adf2c3838b58c226{\nbackground-color:#ffffff;\nbackground-repeat:no-repeat;\nbackground-image:url(https:\/\/z\u00e4hringia.ch\/wp-content\/uploads\/2016\/11\/Foto-03.09.16-22-01-57-e1482342471823-1500x630.jpg);\nbackground-position:50% 0%;\nbackground-attachment:fixed;\n}\n.avia-section.av-av_section-df55b21757c5f264adf2c3838b58c226 .av-section-color-overlay{\nopacity:0.5;\nbackground-color:#ffffff;\n}\n<\/style>\n<div id='av_section_1'  class='avia-section av-av_section-df55b21757c5f264adf2c3838b58c226 main_color avia-section-default avia-no-border-styling  avia-builder-el-0  el_before_av_section  avia-builder-el-first  avia-full-contain avia-bg-style-fixed av-section-color-overlay-active  av-minimum-height av-minimum-height-50  container_wrap fullsize'  data-section-bg-repeat='contain' data-av_minimum_height_pc='50'><div class='av-section-color-overlay-wrap'><div class=\"av-section-color-overlay\"><\/div><div class='container av-section-cont-open' ><main  role=\"main\" itemprop=\"mainContentOfPage\"  class='template-page content  av-content-full alpha units'><div class='post-entry post-entry-type-page post-entry-26'><div class='entry-content-wrapper clearfix'>\n\n<style type=\"text\/css\" data-created_by=\"avia_inline_auto\" id=\"style-css-av-av_heading-997adb12387f5846ec744fd3a27e06c7\">\n#top .av-special-heading.av-av_heading-997adb12387f5846ec744fd3a27e06c7{\npadding-bottom:0px;\ncolor:#3d3d3d;\nfont-size:60px;\n}\n.av-special-heading.av-av_heading-997adb12387f5846ec744fd3a27e06c7 .special-heading-inner-border{\nborder-color:#3d3d3d;\n}\n.av-special-heading.av-av_heading-997adb12387f5846ec744fd3a27e06c7 .av-subheading{\nfont-size:24px;\n}\n<\/style>\n<div  class='av-special-heading av-av_heading-997adb12387f5846ec744fd3a27e06c7 av-special-heading-h1 custom-color-heading blockquote modern-quote  avia-builder-el-1  avia-builder-el-no-sibling  av-thin-font av-inherit-size '><h1 class='av-special-heading-tag '  itemprop=\"headline\"  ><strong>Wer und was wir sind&#8230;<\/strong><\/h1><div class='av_custom_color av-subheading av-subheading_below '><p>Lerne uns besser kennen&#8230;<\/p>\n<\/div><div class='special-heading-border'><div class='special-heading-inner-border'><\/div><\/div><\/div>\n\n<\/div><\/div><\/main><!-- close content main element --><\/div><\/div><\/div><div id='av_section_2'  class='avia-section av-av_section-f6ab5b81e634ea345e6c81f64e3dbfab main_color avia-section-default avia-no-shadow  avia-builder-el-2  el_after_av_section  avia-builder-el-last  avia-bg-style-scroll  container_wrap fullsize'  ><div class='container av-section-cont-open' ><div class='template-page content  av-content-full alpha units'><div class='post-entry post-entry-type-page post-entry-26'><div class='entry-content-wrapper clearfix'>\n<div class='flex_column av-av_one_half-2a9015ff38129c418a3f2eafba3e9512 av_one_half  avia-builder-el-3  el_before_av_one_half  avia-builder-el-first  first flex_column_div '   ><p>\n<style type=\"text\/css\" data-created_by=\"avia_inline_auto\" id=\"style-css-av-av_heading-99b3f068fb64c46db0883bbcd8e880f8\">\n#top .av-special-heading.av-av_heading-99b3f068fb64c46db0883bbcd8e880f8{\npadding-bottom:20px;\n}\n<\/style>\n<div  class='av-special-heading av-av_heading-99b3f068fb64c46db0883bbcd8e880f8 av-special-heading-h2 blockquote modern-quote  avia-builder-el-4  el_before_av_textblock  avia-builder-el-first  av-thin-font '><h2 class='av-special-heading-tag '  itemprop=\"headline\"  >Was ist eine <strong> Studentenverbindung?<\/strong><\/h2><div class='special-heading-border'><div class='special-heading-inner-border'><\/div><\/div><\/div><br \/>\n<section class=\"av_textblock_section \"  itemscope=\"itemscope\" itemtype=\"https:\/\/schema.org\/CreativeWork\" ><div class='avia_textblock  '   itemprop=\"text\" ><blockquote>\n<p>\u00abGerade als Fux werde ich\u00a0viel gefragt, was ich in der heutigen Zeit in einer Studentenverbindung suche.<br \/>\nDie Antwort ist\u00a0umfangreich\u00a0und doch sehr einfach. Die GV Z\u00e4hringia bietet mir viele Vorteile f\u00fcr mein jetziges und sp\u00e4teres Leben. Ein Hauptgrund f\u00fcr mich ist,\u00a0 dass ich sehr viele interessante Leute kennenlerne. Man trifft am Kommersen alle m\u00f6glichen Menschen, von der jungen Maturantin, \u00fcber Jungunternehmer bis hin\u00a0zum \u00e4lteren Semester.\u00a0Die Gespr\u00e4chsthemen sind \u00e4usserts vief\u00e4ltig. Das Sch\u00f6nste ist, dass man diese Leute nicht an irgendwelchen von der Schule organisierten Anl\u00e4ssen, sondern bei einem Bier in geselliger Runde antrifft. Die Tatsache, dass man jeden und jede in der Runde duzten kann macht die Atmosph\u00e4re noch\u00a0hundert mal lockerer.<br \/>\nAuf diese Erkl\u00e4rung kommt oftmals die Bemerkung: Das ist doch altmodisch. Und dies meine lieben Leute ist es eben nicht! Klar gibt es in der Studentenverbindung einige\u00a0Dinge, die schon unsere Altherren vor 170 Jahren gemacht haben. Dies ist aber nicht altmodisch, sondern die Weiterf\u00fchrung einer Tradition.<br \/>\nDas farbentragende Leben bietet aber auch andere Anl\u00e4sse mit sich. Es gibt Fussballturniere, Ausfl\u00fcge, Jassturniere und noch vieles mehr.<br \/>\nAusserdem werden mir viele Entwicklungsm\u00f6glichkeiten in den Sparten der sozialen Kompetenz, des Auftretens, der Rhetorik und der F\u00fchrung und Teambildung erm\u00f6glicht. Die GV Z\u00e4hringia bietet auch die M\u00f6glichkeit auf\u00a0neue Freundschaften, Zeitgeist und Tradition. Sie ist\u00a0eine Plattform f\u00fcr Mittelsch\u00fcler und Studenten.\u00bb<\/p>\n<\/blockquote>\n<p><em>Statement eines ehemaligen Z\u00e4hringer\u00a0Fuxen<\/em><\/p>\n<\/div><\/section><\/p><\/div>\n<style type=\"text\/css\" data-created_by=\"avia_inline_auto\" id=\"style-css-av-av_one_half-9c1d454dc06f7247226bc4e8f931daae\">\n.flex_column.av-av_one_half-9c1d454dc06f7247226bc4e8f931daae{\nborder-radius:0px 0px 0px 0px;\n-webkit-border-radius:0px 0px 0px 0px;\n-moz-border-radius:0px 0px 0px 0px;\n}\n<\/style>\n<div class='flex_column av-av_one_half-9c1d454dc06f7247226bc4e8f931daae av_one_half  avia-builder-el-6  el_after_av_one_half  el_before_av_one_third  flex_column_div av-zero-column-padding '   ><p>\n<style type=\"text\/css\" data-created_by=\"avia_inline_auto\" id=\"style-css-av-av_heading-1cf2d55d5f01a63699b1c35e2dd268f5\">\n#top .av-special-heading.av-av_heading-1cf2d55d5f01a63699b1c35e2dd268f5{\npadding-bottom:20px;\n}\n<\/style>\n<div  class='av-special-heading av-av_heading-1cf2d55d5f01a63699b1c35e2dd268f5 av-special-heading-h2 blockquote modern-quote  avia-builder-el-7  el_before_av_textblock  avia-builder-el-first  av-thin-font '><h2 class='av-special-heading-tag '  itemprop=\"headline\"  ><strong> Schweizerischer Studentenverein <\/strong>und<strong> Gymnasia <\/strong><\/h2><div class='special-heading-border'><div class='special-heading-inner-border'><\/div><\/div><\/div><br \/>\n<section class=\"av_textblock_section \"  itemscope=\"itemscope\" itemtype=\"https:\/\/schema.org\/CreativeWork\" ><div class='avia_textblock  '   itemprop=\"text\" ><p>Die Z\u00e4ringia geh\u00f6rt dem &#8220;Dachverband&#8221;, <strong>Schweizerischer Studentenverein<\/strong>, genannt Schw. StV. an. Sie ist deren erste Sektion\/Mitglied. Ebenfalls geh\u00f6rt sie der Untergruppe der <strong>Gymnasia<\/strong> an. Dies ist eine Vereinigung, die den Zusammenhalt zwischen fast allen Mittelschulverbindugen der Schweiz f\u00f6rdert.<\/p>\n<p>Die Gymnasia erm\u00f6glicht uns, nicht nur den Kontakt innerhalb der Verbindung zu pflegen, sondern auch viele Mittelsch\u00fcler aus der ganzen Schweiz kennen zu lernen. So ist es oft m\u00f6glich, dass man durch die Verbindung einen guten Freund am anderen Ende der Schweiz kennenlernt.<\/p>\n<\/div><\/section><\/p><\/div>\n<style type=\"text\/css\" data-created_by=\"avia_inline_auto\" id=\"style-css-av-av_one_third-9497bbf8bff73ea4c6992cc17fa9ec36\">\n.flex_column.av-av_one_third-9497bbf8bff73ea4c6992cc17fa9ec36{\nborder-radius:0px 0px 0px 0px;\n-webkit-border-radius:0px 0px 0px 0px;\n-moz-border-radius:0px 0px 0px 0px;\n}\n<\/style>\n<div class='flex_column av-av_one_third-9497bbf8bff73ea4c6992cc17fa9ec36 av_one_third  avia-builder-el-9  el_after_av_one_half  el_before_av_one_third  first flex_column_div av-zero-column-padding column-top-margin'   ><p>\n<style type=\"text\/css\" data-created_by=\"avia_inline_auto\" id=\"style-css-av-av_heading-c5f1a7a423c0ba49ee3b666c78c83e23\">\n#top .av-special-heading.av-av_heading-c5f1a7a423c0ba49ee3b666c78c83e23{\npadding-bottom:20px;\n}\n<\/style>\n<div  class='av-special-heading av-av_heading-c5f1a7a423c0ba49ee3b666c78c83e23 av-special-heading-h2 blockquote modern-quote  avia-builder-el-10  el_before_av_textblock  avia-builder-el-first  av-thin-font '><h2 class='av-special-heading-tag '  itemprop=\"headline\"  ><strong> Aktivitas <\/strong> und <strong> Altherrenschaft<\/h2><div class='special-heading-border'><div class='special-heading-inner-border'><\/div><\/div><\/div><\/strong><\/p>\n<section class=\"av_textblock_section \"  itemscope=\"itemscope\" itemtype=\"https:\/\/schema.org\/CreativeWork\" ><div class='avia_textblock  '  style='font-size:14px; '  itemprop=\"text\" ><p>Die GV Z\u00e4hringia besteht aus der Gruppe der Aktiven und der Gruppe der Altherren. Aktive sind Mittelsch\u00fclerinnen und Mittelsch\u00fcler der drei Kollegien der Stadt Freiburg und die Altherrenschaft besteht aus Ehemaligen. Sobald man das Studium am Kollegium beendet, geh\u00f6rt man automatisch der Z\u00e4hringer-Altherrenschaft an.<\/p>\n<p>Normalerweise besuchen Altherren weiterhin die Anl\u00e4sse der Verbindung und unterst\u00fctzen die Jungen tatkr\u00e4ftig beim Ausf\u00fchren ihrer Chargen, im Studium oder laden sie auch gerne einfach auf eine gem\u00fctliche Runde ein&#8230;<\/p>\n<\/div><\/section><\/div>\n<style type=\"text\/css\" data-created_by=\"avia_inline_auto\" id=\"style-css-av-av_one_third-9c1d454dc06f7247226bc4e8f931daae\">\n.flex_column.av-av_one_third-9c1d454dc06f7247226bc4e8f931daae{\nborder-radius:0px 0px 0px 0px;\n-webkit-border-radius:0px 0px 0px 0px;\n-moz-border-radius:0px 0px 0px 0px;\n}\n<\/style>\n<div class='flex_column av-av_one_third-9c1d454dc06f7247226bc4e8f931daae av_one_third  avia-builder-el-12  el_after_av_one_third  el_before_av_one_third  flex_column_div av-zero-column-padding column-top-margin'   ><p>\n<style type=\"text\/css\" data-created_by=\"avia_inline_auto\" id=\"style-css-av-av_heading-aea220f4eab5ea891e079342ff60f58c\">\n#top .av-special-heading.av-av_heading-aea220f4eab5ea891e079342ff60f58c{\npadding-bottom:20px;\n}\n<\/style>\n<div  class='av-special-heading av-av_heading-aea220f4eab5ea891e079342ff60f58c av-special-heading-h2 blockquote modern-quote  avia-builder-el-13  el_before_av_textblock  avia-builder-el-first  av-thin-font '><h2 class='av-special-heading-tag '  itemprop=\"headline\"  >Unsere <strong> Patenverbindung <\/strong><\/h2><div class='special-heading-border'><div class='special-heading-inner-border'><\/div><\/div><\/div><br \/>\n<section class=\"av_textblock_section \"  itemscope=\"itemscope\" itemtype=\"https:\/\/schema.org\/CreativeWork\" ><div class='avia_textblock  '   itemprop=\"text\" ><p><a href=\"https:\/\/www.alemannia.ch\/\"><img loading=\"lazy\" class=\"wp-image-403 alignnone\" src=\"http:\/\/z\u00e4hringia.ch\/wp-content\/uploads\/2014\/07\/alemannia-225x300.jpg\" alt=\"alemannia\" width=\"150\" height=\"200\" srcset=\"https:\/\/z\u00e4hringia.ch\/wp-content\/uploads\/2014\/07\/alemannia-225x300.jpg 225w, https:\/\/z\u00e4hringia.ch\/wp-content\/uploads\/2014\/07\/alemannia-768x1024.jpg 768w, https:\/\/z\u00e4hringia.ch\/wp-content\/uploads\/2014\/07\/alemannia-772x1030.jpg 772w, https:\/\/z\u00e4hringia.ch\/wp-content\/uploads\/2014\/07\/alemannia-529x705.jpg 529w, https:\/\/z\u00e4hringia.ch\/wp-content\/uploads\/2014\/07\/alemannia-450x600.jpg 450w, https:\/\/z\u00e4hringia.ch\/wp-content\/uploads\/2014\/07\/alemannia.jpg 800w\" sizes=\"(max-width: 150px) 100vw, 150px\" \/><\/a><\/p>\n<h4 style=\"text-align: left;\">AKV Alemannia zu Freiburg i.Ue.<\/h4>\n<\/div><\/section><\/p><\/div>\n<style type=\"text\/css\" data-created_by=\"avia_inline_auto\" id=\"style-css-av-av_one_third-9c1d454dc06f7247226bc4e8f931daae\">\n.flex_column.av-av_one_third-9c1d454dc06f7247226bc4e8f931daae{\nborder-radius:0px 0px 0px 0px;\n-webkit-border-radius:0px 0px 0px 0px;\n-moz-border-radius:0px 0px 0px 0px;\n}\n<\/style>\n<div class='flex_column av-av_one_third-9c1d454dc06f7247226bc4e8f931daae av_one_third  avia-builder-el-15  el_after_av_one_third  avia-builder-el-last  flex_column_div av-zero-column-padding column-top-margin'   ><p>\n<style type=\"text\/css\" data-created_by=\"avia_inline_auto\" id=\"style-css-av-av_heading-dbe86969ad51ab5eb3318caa77f03fac\">\n#top .av-special-heading.av-av_heading-dbe86969ad51ab5eb3318caa77f03fac{\npadding-bottom:20px;\n}\n<\/style>\n<div  class='av-special-heading av-av_heading-dbe86969ad51ab5eb3318caa77f03fac av-special-heading-h2 blockquote modern-quote  avia-builder-el-16  el_before_av_textblock  avia-builder-el-first  av-thin-font '><h2 class='av-special-heading-tag '  itemprop=\"headline\"  >Unsere <strong> Freundschaftsverbindung <\/h2><div class='special-heading-border'><div class='special-heading-inner-border'><\/div><\/div><\/div><\/strong><\/p>\n<section class=\"av_textblock_section \"  itemscope=\"itemscope\" itemtype=\"https:\/\/schema.org\/CreativeWork\" ><div class='avia_textblock  '   itemprop=\"text\" ><p><a href=\"http:\/\/www.vindobona2.at\/\"><img loading=\"lazy\" class=\"alignnone wp-image-1306\" src=\"http:\/\/z\u00e4hringia.ch\/wp-content\/uploads\/2014\/07\/307839_152814001479383_1094462358_n-284x300.jpg\" alt=\"K.\u00f6.St.V Vindobona II\" width=\"189\" height=\"200\" srcset=\"https:\/\/z\u00e4hringia.ch\/wp-content\/uploads\/2014\/07\/307839_152814001479383_1094462358_n-284x300.jpg 284w, https:\/\/z\u00e4hringia.ch\/wp-content\/uploads\/2014\/07\/307839_152814001479383_1094462358_n.jpg 400w\" sizes=\"(max-width: 189px) 100vw, 189px\" \/><\/a><\/p>\n<h3>K.\u00f6.St.V Vindobona 2 zu Wien<\/h3>\n<\/div><\/section><\/div>\n","protected":false},"excerpt":{"rendered":"","protected":false},"author":4,"featured_media":0,"parent":0,"menu_order":0,"comment_status":"open","ping_status":"open","template":"","meta":[],"_links":{"self":[{"href":"https:\/\/z\u00e4hringia.ch\/index.php?rest_route=\/wp\/v2\/pages\/26"}],"collection":[{"href":"https:\/\/z\u00e4hringia.ch\/index.php?rest_route=\/wp\/v2\/pages"}],"about":[{"href":"https:\/\/z\u00e4hringia.ch\/index.php?rest_route=\/wp\/v2\/types\/page"}],"author":[{"embeddable":true,"href":"https:\/\/z\u00e4hringia.ch\/index.php?rest_route=\/wp\/v2\/users\/4"}],"replies":[{"embeddable":true,"href":"https:\/\/z\u00e4hringia.ch\/index.php?rest_route=%2Fwp%2Fv2%2Fcomments&post=26"}],"version-history":[{"count":5,"href":"https:\/\/z\u00e4hringia.ch\/index.php?rest_route=\/wp\/v2\/pages\/26\/revisions"}],"predecessor-version":[{"id":1907,"href":"https:\/\/z\u00e4hringia.ch\/index.php?rest_route=\/wp\/v2\/pages\/26\/revisions\/1907"}],"wp:attachment":[{"href":"https:\/\/z\u00e4hringia.ch\/index.php?rest_route=%2Fwp%2Fv2%2Fmedia&parent=26"}],"curies":[{"name":"wp","href":"https:\/\/api.w.org\/{rel}","templated":true}]}}